{"id":6771,"date":"2024-01-29T15:53:07","date_gmt":"2024-01-29T14:53:07","guid":{"rendered":"https:\/\/hotelportadelsole.it\/angebote\/"},"modified":"2025-11-06T12:24:57","modified_gmt":"2025-11-06T11:24:57","slug":"offres-et-forfaits","status":"publish","type":"page","link":"https:\/\/hotelportadelsole.it\/fr\/offres-et-forfaits\/","title":{"rendered":"Offres sp\u00e9ciales et Forfaits"},"content":{"rendered":"","protected":false},"excerpt":{"rendered":"","protected":false},"author":1,"featured_media":3938,"parent":0,"menu_order":0,"comment_status":"closed","ping_status":"closed","template":"template-pacchetti.php","meta":{"_acf_changed":false,"footnotes":""},"class_list":["post-6771","page","type-page","status-publish","has-post-thumbnail","hentry"],"acf":[],"yoast_head":"<!-- This site is optimized with the Yoast SEO plugin v26.3 - https:\/\/yoast.com\/wordpress\/plugins\/seo\/ -->\n<title>Offres sp\u00e9ciales et Forfaits - AHG Golf Hotel Porta del Sole | Soiano del Lago di Garda<\/title>\n<meta name=\"description\" content=\"Offres pour votre s\u00e9jour : vivez le lac de Garde \u00e0 360\u00b0, \u00e0 travers des exp\u00e9riences uniques m\u00ealant nature, culture et saveurs du terroir.\" \/>\n<meta name=\"robots\" content=\"index, follow, max-snippet:-1, max-image-preview:large, max-video-preview:-1\" \/>\n<link rel=\"canonical\" href=\"https:\/\/hotelportadelsole.it\/pacchetti-e-offerte\/\" \/>\n<meta property=\"og:locale\" content=\"fr_FR\" \/>\n<meta property=\"og:type\" content=\"article\" \/>\n<meta property=\"og:title\" content=\"Offres sp\u00e9ciales et Forfaits - AHG Golf Hotel Porta del Sole | Soiano del Lago di Garda\" \/>\n<meta property=\"og:description\" content=\"Offres pour votre s\u00e9jour : vivez le lac de Garde \u00e0 360\u00b0, \u00e0 travers des exp\u00e9riences uniques m\u00ealant nature, culture et saveurs du terroir.\" \/>\n<meta property=\"og:url\" content=\"https:\/\/hotelportadelsole.it\/pacchetti-e-offerte\/\" \/>\n<meta property=\"og:site_name\" content=\"AHG Golf Hotel Porta del Sole | Soiano del Lago di Garda\" \/>\n<meta property=\"article:modified_time\" content=\"2025-11-06T11:24:57+00:00\" \/>\n<meta property=\"og:image\" content=\"https:\/\/hotelportadelsole.it\/wp-content\/uploads\/2024\/04\/pexels-photo-1365425.jpeg\" \/>\n\t<meta property=\"og:image:width\" content=\"2250\" \/>\n\t<meta property=\"og:image:height\" content=\"1500\" \/>\n\t<meta property=\"og:image:type\" content=\"image\/jpeg\" \/>\n<script type=\"application\/ld+json\" class=\"yoast-schema-graph\">{\"@context\":\"https:\/\/schema.org\",\"@graph\":[{\"@type\":\"WebPage\",\"@id\":\"https:\/\/hotelportadelsole.it\/pacchetti-e-offerte\/\",\"url\":\"https:\/\/hotelportadelsole.it\/pacchetti-e-offerte\/\",\"name\":\"Offres sp\u00e9ciales et Forfaits - AHG Golf Hotel Porta del Sole | Soiano del Lago di Garda\",\"isPartOf\":{\"@id\":\"https:\/\/hotelportadelsole.it\/de\/#website\"},\"primaryImageOfPage\":{\"@id\":\"https:\/\/hotelportadelsole.it\/pacchetti-e-offerte\/#primaryimage\"},\"image\":{\"@id\":\"https:\/\/hotelportadelsole.it\/pacchetti-e-offerte\/#primaryimage\"},\"thumbnailUrl\":\"https:\/\/hotelportadelsole.it\/wp-content\/uploads\/2024\/04\/pexels-photo-1365425.jpeg\",\"datePublished\":\"2024-01-29T14:53:07+00:00\",\"dateModified\":\"2025-11-06T11:24:57+00:00\",\"description\":\"Offres pour votre s\u00e9jour : vivez le lac de Garde \u00e0 360\u00b0, \u00e0 travers des exp\u00e9riences uniques m\u00ealant nature, culture et saveurs du terroir.\",\"breadcrumb\":{\"@id\":\"https:\/\/hotelportadelsole.it\/pacchetti-e-offerte\/#breadcrumb\"},\"inLanguage\":\"fr-FR\",\"potentialAction\":[{\"@type\":\"ReadAction\",\"target\":[\"https:\/\/hotelportadelsole.it\/pacchetti-e-offerte\/\"]}]},{\"@type\":\"ImageObject\",\"inLanguage\":\"fr-FR\",\"@id\":\"https:\/\/hotelportadelsole.it\/pacchetti-e-offerte\/#primaryimage\",\"url\":\"https:\/\/hotelportadelsole.it\/wp-content\/uploads\/2024\/04\/pexels-photo-1365425.jpeg\",\"contentUrl\":\"https:\/\/hotelportadelsole.it\/wp-content\/uploads\/2024\/04\/pexels-photo-1365425.jpeg\",\"width\":2250,\"height\":1500},{\"@type\":\"BreadcrumbList\",\"@id\":\"https:\/\/hotelportadelsole.it\/pacchetti-e-offerte\/#breadcrumb\",\"itemListElement\":[{\"@type\":\"ListItem\",\"position\":1,\"name\":\"Riva del Sole\",\"item\":\"https:\/\/hotelportadelsole.it\/fr\/\"},{\"@type\":\"ListItem\",\"position\":2,\"name\":\"Offres sp\u00e9ciales et Forfaits\"}]},{\"@type\":\"WebSite\",\"@id\":\"https:\/\/hotelportadelsole.it\/de\/#website\",\"url\":\"https:\/\/hotelportadelsole.it\/de\/\",\"name\":\"AHG Golf Hotel Porta del Sole\",\"description\":\"AHG Golf Hotel Porta del Sole | Soiano del Lago di Garda\",\"potentialAction\":[{\"@type\":\"SearchAction\",\"target\":{\"@type\":\"EntryPoint\",\"urlTemplate\":\"https:\/\/hotelportadelsole.it\/de\/?s={search_term_string}\"},\"query-input\":{\"@type\":\"PropertyValueSpecification\",\"valueRequired\":true,\"valueName\":\"search_term_string\"}}],\"inLanguage\":\"fr-FR\"}]}<\/script>\n<!-- \/ Yoast SEO plugin. -->","yoast_head_json":{"title":"Offres sp\u00e9ciales et Forfaits - AHG Golf Hotel Porta del Sole | Soiano del Lago di Garda","description":"Offres pour votre s\u00e9jour : vivez le lac de Garde \u00e0 360\u00b0, \u00e0 travers des exp\u00e9riences uniques m\u00ealant nature, culture et saveurs du terroir.","robots":{"index":"index","follow":"follow","max-snippet":"max-snippet:-1","max-image-preview":"max-image-preview:large","max-video-preview":"max-video-preview:-1"},"canonical":"https:\/\/hotelportadelsole.it\/pacchetti-e-offerte\/","og_locale":"fr_FR","og_type":"article","og_title":"Offres sp\u00e9ciales et Forfaits - AHG Golf Hotel Porta del Sole | Soiano del Lago di Garda","og_description":"Offres pour votre s\u00e9jour : vivez le lac de Garde \u00e0 360\u00b0, \u00e0 travers des exp\u00e9riences uniques m\u00ealant nature, culture et saveurs du terroir.","og_url":"https:\/\/hotelportadelsole.it\/pacchetti-e-offerte\/","og_site_name":"AHG Golf Hotel Porta del Sole | Soiano del Lago di Garda","article_modified_time":"2025-11-06T11:24:57+00:00","og_image":[{"width":2250,"height":1500,"url":"https:\/\/hotelportadelsole.it\/wp-content\/uploads\/2024\/04\/pexels-photo-1365425.jpeg","type":"image\/jpeg"}],"schema":{"@context":"https:\/\/schema.org","@graph":[{"@type":"WebPage","@id":"https:\/\/hotelportadelsole.it\/pacchetti-e-offerte\/","url":"https:\/\/hotelportadelsole.it\/pacchetti-e-offerte\/","name":"Offres sp\u00e9ciales et Forfaits - AHG Golf Hotel Porta del Sole | Soiano del Lago di Garda","isPartOf":{"@id":"https:\/\/hotelportadelsole.it\/de\/#website"},"primaryImageOfPage":{"@id":"https:\/\/hotelportadelsole.it\/pacchetti-e-offerte\/#primaryimage"},"image":{"@id":"https:\/\/hotelportadelsole.it\/pacchetti-e-offerte\/#primaryimage"},"thumbnailUrl":"https:\/\/hotelportadelsole.it\/wp-content\/uploads\/2024\/04\/pexels-photo-1365425.jpeg","datePublished":"2024-01-29T14:53:07+00:00","dateModified":"2025-11-06T11:24:57+00:00","description":"Offres pour votre s\u00e9jour : vivez le lac de Garde \u00e0 360\u00b0, \u00e0 travers des exp\u00e9riences uniques m\u00ealant nature, culture et saveurs du terroir.","breadcrumb":{"@id":"https:\/\/hotelportadelsole.it\/pacchetti-e-offerte\/#breadcrumb"},"inLanguage":"fr-FR","potentialAction":[{"@type":"ReadAction","target":["https:\/\/hotelportadelsole.it\/pacchetti-e-offerte\/"]}]},{"@type":"ImageObject","inLanguage":"fr-FR","@id":"https:\/\/hotelportadelsole.it\/pacchetti-e-offerte\/#primaryimage","url":"https:\/\/hotelportadelsole.it\/wp-content\/uploads\/2024\/04\/pexels-photo-1365425.jpeg","contentUrl":"https:\/\/hotelportadelsole.it\/wp-content\/uploads\/2024\/04\/pexels-photo-1365425.jpeg","width":2250,"height":1500},{"@type":"BreadcrumbList","@id":"https:\/\/hotelportadelsole.it\/pacchetti-e-offerte\/#breadcrumb","itemListElement":[{"@type":"ListItem","position":1,"name":"Riva del Sole","item":"https:\/\/hotelportadelsole.it\/fr\/"},{"@type":"ListItem","position":2,"name":"Offres sp\u00e9ciales et Forfaits"}]},{"@type":"WebSite","@id":"https:\/\/hotelportadelsole.it\/de\/#website","url":"https:\/\/hotelportadelsole.it\/de\/","name":"AHG Golf Hotel Porta del Sole","description":"AHG Golf Hotel Porta del Sole | Soiano del Lago di Garda","potentialAction":[{"@type":"SearchAction","target":{"@type":"EntryPoint","urlTemplate":"https:\/\/hotelportadelsole.it\/de\/?s={search_term_string}"},"query-input":{"@type":"PropertyValueSpecification","valueRequired":true,"valueName":"search_term_string"}}],"inLanguage":"fr-FR"}]}},"_links":{"self":[{"href":"https:\/\/hotelportadelsole.it\/fr\/wp-json\/wp\/v2\/pages\/6771","targetHints":{"allow":["GET"]}}],"collection":[{"href":"https:\/\/hotelportadelsole.it\/fr\/wp-json\/wp\/v2\/pages"}],"about":[{"href":"https:\/\/hotelportadelsole.it\/fr\/wp-json\/wp\/v2\/types\/page"}],"author":[{"embeddable":true,"href":"https:\/\/hotelportadelsole.it\/fr\/wp-json\/wp\/v2\/users\/1"}],"replies":[{"embeddable":true,"href":"https:\/\/hotelportadelsole.it\/fr\/wp-json\/wp\/v2\/comments?post=6771"}],"version-history":[{"count":3,"href":"https:\/\/hotelportadelsole.it\/fr\/wp-json\/wp\/v2\/pages\/6771\/revisions"}],"predecessor-version":[{"id":6891,"href":"https:\/\/hotelportadelsole.it\/fr\/wp-json\/wp\/v2\/pages\/6771\/revisions\/6891"}],"wp:featuredmedia":[{"embeddable":true,"href":"https:\/\/hotelportadelsole.it\/fr\/wp-json\/wp\/v2\/media\/3938"}],"wp:attachment":[{"href":"https:\/\/hotelportadelsole.it\/fr\/wp-json\/wp\/v2\/media?parent=6771"}],"curies":[{"name":"wp","href":"https:\/\/api.w.org\/{rel}","templated":true}]}}